{"id":156,"date":"2019-03-13T12:11:11","date_gmt":"2019-03-13T12:11:11","guid":{"rendered":"https:\/\/hotel-rhoenhof.de\/?page_id=156"},"modified":"2019-03-14T05:27:07","modified_gmt":"2019-03-14T05:27:07","slug":"kontakt","status":"publish","type":"page","link":"https:\/\/hotel-rhoenhof.de\/?page_id=156","title":{"rendered":"KONTAKT"},"content":{"rendered":"<p>[et_pb_section fb_built=&#8220;1&#8243; _builder_version=&#8220;3.0.47&#8243;][et_pb_row _builder_version=&#8220;3.0.48&#8243; background_size=&#8220;initial&#8220; background_position=&#8220;top_left&#8220; background_repeat=&#8220;repeat&#8220;][et_pb_column type=&#8220;4_4&#8243; _builder_version=&#8220;3.0.47&#8243; parallax=&#8220;off&#8220; parallax_method=&#8220;on&#8220;][et_pb_image src=&#8220;http:\/\/hotel-rhoenhof.de\/wp-content\/uploads\/2019\/02\/rh_center-11.jpg&#8220; _builder_version=&#8220;3.19.12&#8243;]<\/p>\n<p>[\/et_pb_image][\/et_pb_column][\/et_pb_row][et_pb_row _builder_version=&#8220;3.0.48&#8243; background_size=&#8220;initial&#8220; background_position=&#8220;top_left&#8220; background_repeat=&#8220;repeat&#8220;][et_pb_column type=&#8220;1_2&#8243; _builder_version=&#8220;3.0.47&#8243; parallax=&#8220;off&#8220; parallax_method=&#8220;on&#8220;][et_pb_text _builder_version=&#8220;3.19.12&#8243;]<\/p>\n<p><strong>Hotel Rh\u00f6n Hof Restaurant und Caf\u00e9 <\/strong><br \/><strong>Hammelburger Stra\u00dfe 4 <\/strong><br \/><strong>97789 Oberleichtersbach bei Bad Br\u00fcckenau <\/strong><br \/><strong>Tel. 09741 93790 <\/strong><br \/><strong>Fax 09741 5094 <\/strong><br \/><strong>hotel@rhoenhofscheurich.de<\/strong><br \/><strong>www.hotel-rhoenhof.de <\/strong><\/p>\n<p>[\/et_pb_text][et_pb_text _builder_version=&#8220;3.19.12&#8243;]<\/p>\n<div class=\"class1\">\n<p>Sie finden uns in der N\u00e4he von Bad Br\u00fcckenau und Bad Kissingen in direkter Autobahnn\u00e4he ( A7 &#8211; Fulda &#8211; W\u00fcrzburg &#8211; Ausfahrt 95 ) <br \/>Unser Hotel liegt am Rande des Biosph\u00e4renreservats Rh\u00f6n im Ort Oberleichtersbach an der B27. <br \/>Sie erreichen uns von W\u00fcrzburg in ca. 60 min, von Frankfurt in ca. 90 min. und von Fulda \/ S\u00fcd in ca. 25 min.<\/p>\n<p>&nbsp;<\/p>\n<\/div>\n<p>[\/et_pb_text][et_pb_text _builder_version=&#8220;3.19.12&#8243;]<\/p>\n<p>Der Rh\u00f6n Hof als Tagungshotel bietet Ihnen attraktive Arrangements f\u00fcr <br \/>Ihre Tagung oder Ihr Seminar. Fragen Sie uns einfach.<\/p>\n<p>[\/et_pb_text][et_pb_text _builder_version=&#8220;3.19.12&#8243;]<\/p>\n<p>[\/et_pb_text][et_pb_text _builder_version=&#8220;3.19.12&#8243;]<\/p>\n<p>[\/et_pb_text][\/et_pb_column][et_pb_column type=&#8220;1_2&#8243; _builder_version=&#8220;3.0.47&#8243; parallax=&#8220;off&#8220; parallax_method=&#8220;on&#8220;][et_pb_image src=&#8220;https:\/\/hotel-rhoenhof.de\/wp-content\/uploads\/2019\/03\/rhoenkarte770.jpg&#8220; show_in_lightbox=&#8220;on&#8220; _builder_version=&#8220;3.19.12&#8243;]<\/p>\n<p>[\/et_pb_image][\/et_pb_column][\/et_pb_row][et_pb_row _builder_version=&#8220;3.0.48&#8243; background_size=&#8220;initial&#8220; background_position=&#8220;top_left&#8220; background_repeat=&#8220;repeat&#8220;][et_pb_column type=&#8220;4_4&#8243; _builder_version=&#8220;3.0.47&#8243; parallax=&#8220;off&#8220; parallax_method=&#8220;on&#8220;][et_pb_divider show_divider=&#8220;off&#8220; _builder_version=&#8220;3.19.12&#8243; background_color=&#8220;#e09900&#8243;][\/et_pb_divider][et_pb_text _builder_version=&#8220;3.19.12&#8243; text_text_color=&#8220;rgba(0,0,0,0.43)&#8220; text_font_size=&#8220;25px&#8220; text_line_height=&#8220;1.1em&#8220; header_font=&#8220;Arial||||||||&#8220; header_font_size=&#8220;18px&#8220; custom_padding=&#8220;||0px&#8220; custom_margin=&#8220;48px||6px&#8220;]<\/p>\n<p style=\"text-align: center;\">Der Rh\u00f6n Hof in Oberleichtersbach,\u00a0bei Bad Br\u00fcckenau,\u00a0liegt verkehrsg\u00fcnstig<br \/> in der N\u00e4he der A7 im \u201cNaturpark Rh\u00f6n\u201d\u00a0Bis zur Autobahn\u00a0sind es nur 4 km.<\/p>\n<p>[\/et_pb_text][\/et_pb_column][\/et_pb_row][\/et_pb_section]<\/p>\n","protected":false},"excerpt":{"rendered":"<p>[et_pb_section fb_built=&#8220;1&#8243; _builder_version=&#8220;3.0.47&#8243;][et_pb_row _builder_version=&#8220;3.0.48&#8243; background_size=&#8220;initial&#8220; background_position=&#8220;top_left&#8220; background_repeat=&#8220;repeat&#8220;][et_pb_column type=&#8220;4_4&#8243; _builder_version=&#8220;3.0.47&#8243; parallax=&#8220;off&#8220; parallax_method=&#8220;on&#8220;][et_pb_image src=&#8220;http:\/\/hotel-rhoenhof.de\/wp-content\/uploads\/2019\/02\/rh_center-11.jpg&#8220; _builder_version=&#8220;3.19.12&#8243;] [\/et_pb_image][\/et_pb_column][\/et_pb_row][et_pb_row _builder_version=&#8220;3.0.48&#8243; background_size=&#8220;initial&#8220; background_position=&#8220;top_left&#8220; background_repeat=&#8220;repeat&#8220;][et_pb_column type=&#8220;1_2&#8243; _builder_version=&#8220;3.0.47&#8243; parallax=&#8220;off&#8220; parallax_method=&#8220;on&#8220;][et_pb_text _builder_version=&#8220;3.19.12&#8243;] Hotel Rh\u00f6n Hof Restaurant und Caf\u00e9 Hammelburger Stra\u00dfe 4 97789 Oberleichtersbach bei Bad Br\u00fcckenau Tel. 09741 93790 Fax 09741 5094 hotel@rhoenhofscheurich.dewww.hotel-rhoenhof.de [\/et_pb_text][et_pb_text _builder_version=&#8220;3.19.12&#8243;] Sie finden uns in der N\u00e4he von Bad Br\u00fcckenau [&hellip;]<\/p>\n","protected":false},"author":1,"featured_media":0,"parent":0,"menu_order":0,"comment_status":"closed","ping_status":"closed","template":"","meta":{"_et_pb_use_builder":"on","_et_pb_old_content":"","footnotes":""},"_links":{"self":[{"href":"https:\/\/hotel-rhoenhof.de\/index.php?rest_route=\/wp\/v2\/pages\/156"}],"collection":[{"href":"https:\/\/hotel-rhoenhof.de\/index.php?rest_route=\/wp\/v2\/pages"}],"about":[{"href":"https:\/\/hotel-rhoenhof.de\/index.php?rest_route=\/wp\/v2\/types\/page"}],"author":[{"embeddable":true,"href":"https:\/\/hotel-rhoenhof.de\/index.php?rest_route=\/wp\/v2\/users\/1"}],"replies":[{"embeddable":true,"href":"https:\/\/hotel-rhoenhof.de\/index.php?rest_route=%2Fwp%2Fv2%2Fcomments&post=156"}],"version-history":[{"count":10,"href":"https:\/\/hotel-rhoenhof.de\/index.php?rest_route=\/wp\/v2\/pages\/156\/revisions"}],"predecessor-version":[{"id":170,"href":"https:\/\/hotel-rhoenhof.de\/index.php?rest_route=\/wp\/v2\/pages\/156\/revisions\/170"}],"wp:attachment":[{"href":"https:\/\/hotel-rhoenhof.de\/index.php?rest_route=%2Fwp%2Fv2%2Fmedia&parent=156"}],"curies":[{"name":"wp","href":"https:\/\/api.w.org\/{rel}","templated":true}]}}