{"id":184,"date":"2019-03-20T15:56:23","date_gmt":"2019-03-20T15:56:23","guid":{"rendered":"https:\/\/hotel-rhoenhof.de\/?page_id=184"},"modified":"2025-04-07T05:12:16","modified_gmt":"2025-04-07T05:12:16","slug":"zimmer","status":"publish","type":"page","link":"https:\/\/hotel-rhoenhof.de\/?page_id=184","title":{"rendered":"ZIMMER"},"content":{"rendered":"<p>[et_pb_section fb_built=&#8220;1&#8243; fullwidth=&#8220;on&#8220; _builder_version=&#8220;3.19.12&#8243; box_shadow_style=&#8220;preset3&#8243; box_shadow_color=&#8220;rgba(0,0,0,0.38)&#8220;][et_pb_fullwidth_slider _builder_version=&#8220;3.19.12&#8243; header_font=&#8220;Arial|700|||||||&#8220; body_font=&#8220;Arial||||||||&#8220;][et_pb_slide heading=&#8220;Hotel Rh\u00f6nhof&#8220; image=&#8220;http:\/\/hotel-rhoenhof.de\/wp-content\/uploads\/2019\/02\/r_hof_logo_pfad-1c.png&#8220; use_bg_overlay=&#8220;off&#8220; use_text_overlay=&#8220;off&#8220; _builder_version=&#8220;3.19.12&#8243; header_font=&#8220;Georgia|700|||||||&#8220; body_font=&#8220;Georgia||||||||&#8220; background_image=&#8220;http:\/\/hotel-rhoenhof.de\/wp-content\/uploads\/2019\/02\/IMG_6567.jpg&#8220; button_on_hover=&#8220;on&#8220;]<\/p>\n<p><strong>Ihr Hotel mit Flair in der bayerischen Rh\u00f6n<\/strong><\/p>\n<p>[\/et_pb_slide][et_pb_slide heading=&#8220;Hotel Rh\u00f6nhof&#8220; image=&#8220;http:\/\/hotel-rhoenhof.de\/wp-content\/uploads\/2019\/02\/r_hof_logo_pfad-1c.png&#8220; use_bg_overlay=&#8220;off&#8220; use_text_overlay=&#8220;off&#8220; _builder_version=&#8220;3.19.12&#8243; header_font=&#8220;Georgia|700|||||||&#8220; body_font=&#8220;Georgia||||||||&#8220; background_image=&#8220;http:\/\/hotel-rhoenhof.de\/wp-content\/uploads\/2019\/02\/IMG_0104.jpg&#8220; button_on_hover=&#8220;on&#8220;]<\/p>\n<p><strong>Ihr Hotel mit Flair in der bayerischen Rh\u00f6n<\/strong><\/p>\n<p>[\/et_pb_slide][\/et_pb_fullwidth_slider][\/et_pb_section][et_pb_section fb_built=&#8220;1&#8243; fullwidth=&#8220;on&#8220; _builder_version=&#8220;3.0.47&#8243;][et_pb_fullwidth_header title=&#8220;Entspannen &#038; Wohlf\u00fchlen im Rh\u00f6n Hof&#8220; subhead=&#8220;Hotel \u2022 Caf\u00e9 \u2022 Restaurant \u2022 Tagungen&#8220; text_orientation=&#8220;center&#8220; _builder_version=&#8220;3.19.12&#8243; title_font=&#8220;Georgia|600|||||||&#8220; title_text_color=&#8220;#a51a15&#8243; background_color=&#8220;#ffffff&#8220; background_layout=&#8220;light&#8220; custom_margin=&#8220;5px||5px|&#8220; custom_padding=&#8220;5px||5px|&#8220;]<br \/>\n[\/et_pb_fullwidth_header][\/et_pb_section][et_pb_section fb_built=&#8220;1&#8243; _builder_version=&#8220;3.19.12&#8243; background_color=&#8220;rgba(224,153,0,0.11)&#8220;][et_pb_row _builder_version=&#8220;3.19.12&#8243;][et_pb_column type=&#8220;1_3&#8243; _builder_version=&#8220;3.0.47&#8243; parallax=&#8220;off&#8220; parallax_method=&#8220;on&#8220;][et_pb_text _builder_version=&#8220;3.19.12&#8243;]<\/p>\n<p><strong><span>Finden Sie Ruhe und Entspannung in unseren Komfortzimmern, die \u00fcbrigens alle einen Balkon bieten. Sauna, Solarium mit direktem Zugang zum hauseigenen Park laden zum Relaxen ein!<\/span><\/p>\n<p><\/strong><\/p>\n<p>[\/et_pb_text][et_pb_image src=&#8220;http:\/\/hotel-rhoenhof.de\/wp-content\/uploads\/2019\/02\/booknow_de.gif&#8220; url=&#8220;https:\/\/www.booking.com\/hotel\/de\/rhonhof.html?aid=330843;lang=de&#8220; url_new_window=&#8220;on&#8220; _builder_version=&#8220;3.19.12&#8243;]<br \/>\n[\/et_pb_image][et_pb_text _builder_version=&#8220;3.19.12&#8243; text_font=&#8220;Arial|600|||||||&#8220; text_text_color=&#8220;#e02b20&#8243;]<\/p>\n<p>oder schnell\u00a0und direkt unter<br \/>Tel. 09741 93790\u00a0und dabei sparen.<\/p>\n<p>[\/et_pb_text][et_pb_image src=&#8220;http:\/\/hotel-rhoenhof.de\/wp-content\/uploads\/2019\/02\/IZR_ARGE_Rhoen.png&#8220; _builder_version=&#8220;3.19.12&#8243;]<br \/>\n[\/et_pb_image][\/et_pb_column][et_pb_column type=&#8220;1_3&#8243; _builder_version=&#8220;3.0.47&#8243; parallax=&#8220;off&#8220; parallax_method=&#8220;on&#8220;][et_pb_image src=&#8220;https:\/\/hotel-rhoenhof.de\/wp-content\/uploads\/2019\/03\/DSC_0220.jpg&#8220; show_in_lightbox=&#8220;on&#8220; _builder_version=&#8220;3.19.12&#8243;]<br \/>\n[\/et_pb_image][et_pb_text _builder_version=&#8220;3.19.12&#8243;]<\/p>\n<p>Alle Zimmer verf\u00fcgen \u00fcber TV, WLAN und sind per Aufzug erreichbar.<\/p>\n<p>[\/et_pb_text][\/et_pb_column][et_pb_column type=&#8220;1_3&#8243; _builder_version=&#8220;3.0.47&#8243; parallax=&#8220;off&#8220; parallax_method=&#8220;on&#8220;][et_pb_text _builder_version=&#8220;3.19.12&#8243;]<\/p>\n<p><strong><em>Einzelzimmer\u00a0mit Fr\u00fchst\u00fcck<\/em><\/strong><br \/><strong><em>72 Euro pro Nacht,<\/em><\/strong><\/p>\n<p><strong><em>Doppelzimmer mit Fr\u00fchst\u00fcck<\/em><\/strong><br \/><strong><em>98 Euro pro Nacht<\/em><\/strong><br \/><strong><em><br \/><\/em><\/strong><strong><em>\u00dcbernachtung mit Fr\u00fchst\u00fcck<\/em><\/strong><br \/><strong><em>und HP-Menu<\/em><\/strong><br \/><strong><em>83 Euro pro Person<\/em><\/strong><br \/><strong><em>und Nacht<\/em><\/strong><\/p>\n<p>&nbsp;<\/p>\n<p>[\/et_pb_text][\/et_pb_column][\/et_pb_row][et_pb_row _builder_version=&#8220;3.0.48&#8243; background_size=&#8220;initial&#8220; background_position=&#8220;top_left&#8220; background_repeat=&#8220;repeat&#8220;][et_pb_column type=&#8220;4_4&#8243; _builder_version=&#8220;3.0.47&#8243; parallax=&#8220;off&#8220; parallax_method=&#8220;on&#8220;][et_pb_divider color=&#8220;#e09900&#8243; height=&#8220;5px&#8220; _builder_version=&#8220;3.19.12&#8243; background_color=&#8220;#e09900&#8243;]<br \/>\n[\/et_pb_divider][\/et_pb_column][\/et_pb_row][et_pb_row _builder_version=&#8220;3.0.48&#8243; background_size=&#8220;initial&#8220; background_position=&#8220;top_left&#8220; background_repeat=&#8220;repeat&#8220;][et_pb_column type=&#8220;4_4&#8243; _builder_version=&#8220;3.0.47&#8243; parallax=&#8220;off&#8220; parallax_method=&#8220;on&#8220;][et_pb_divider color=&#8220;#ffffff&#8220; divider_weight=&#8220;2&#8243; height=&#8220;5px&#8220; _builder_version=&#8220;3.19.12&#8243; background_color=&#8220;#ffffff&#8220;]<br \/>\n[\/et_pb_divider][\/et_pb_column][\/et_pb_row][et_pb_row _builder_version=&#8220;3.0.48&#8243; background_size=&#8220;initial&#8220; background_position=&#8220;top_left&#8220; background_repeat=&#8220;repeat&#8220;][et_pb_column type=&#8220;1_3&#8243; _builder_version=&#8220;3.0.47&#8243; parallax=&#8220;off&#8220; parallax_method=&#8220;on&#8220;][et_pb_image src=&#8220;https:\/\/hotel-rhoenhof.de\/wp-content\/uploads\/2019\/03\/Bildschirmfoto-2019-03-21-um-17.55.44.png&#8220; _builder_version=&#8220;3.19.12&#8243;]<br \/>\n[\/et_pb_image][\/et_pb_column][et_pb_column type=&#8220;1_3&#8243; _builder_version=&#8220;3.0.47&#8243; parallax=&#8220;off&#8220; parallax_method=&#8220;on&#8220;][et_pb_image src=&#8220;https:\/\/hotel-rhoenhof.de\/wp-content\/uploads\/2019\/03\/DSC_0216-1.jpg&#8220; _builder_version=&#8220;3.19.12&#8243;]<br \/>\n[\/et_pb_image][\/et_pb_column][et_pb_column type=&#8220;1_3&#8243; _builder_version=&#8220;3.0.47&#8243; parallax=&#8220;off&#8220; parallax_method=&#8220;on&#8220;][et_pb_image src=&#8220;https:\/\/hotel-rhoenhof.de\/wp-content\/uploads\/2019\/03\/Bildschirmfoto-2019-03-21-um-17.38.35.png&#8220; _builder_version=&#8220;3.19.12&#8243;]<br \/>\n[\/et_pb_image][\/et_pb_column][\/et_pb_row][\/et_pb_section][et_pb_section fb_built=&#8220;1&#8243; _builder_version=&#8220;3.0.47&#8243;][et_pb_row _builder_version=&#8220;3.0.48&#8243; background_size=&#8220;initial&#8220; background_position=&#8220;top_left&#8220; background_repeat=&#8220;repeat&#8220;][et_pb_column type=&#8220;1_3&#8243; _builder_version=&#8220;3.0.47&#8243; parallax=&#8220;off&#8220; parallax_method=&#8220;on&#8220;][\/et_pb_column][et_pb_column type=&#8220;2_3&#8243; _builder_version=&#8220;3.0.47&#8243; parallax=&#8220;off&#8220; parallax_method=&#8220;on&#8220;][\/et_pb_column][\/et_pb_row][\/et_pb_section][et_pb_section fb_built=&#8220;1&#8243; _builder_version=&#8220;3.0.47&#8243;][et_pb_row _builder_version=&#8220;3.0.48&#8243; background_size=&#8220;initial&#8220; background_position=&#8220;top_left&#8220; background_repeat=&#8220;repeat&#8220;][et_pb_column type=&#8220;4_4&#8243; _builder_version=&#8220;3.0.47&#8243; parallax=&#8220;off&#8220; parallax_method=&#8220;on&#8220;][et_pb_image src=&#8220;http:\/\/hotel-rhoenhof.de\/wp-content\/uploads\/2019\/02\/rh_center-11.jpg&#8220; _builder_version=&#8220;3.19.12&#8243;]<br \/>\n[\/et_pb_image][\/et_pb_column][\/et_pb_row][\/et_pb_section][et_pb_section fb_built=&#8220;1&#8243; fullwidth=&#8220;on&#8220; _builder_version=&#8220;3.19.12&#8243;][et_pb_fullwidth_slider _builder_version=&#8220;3.19.12&#8243; header_font=&#8220;Arial|700|||||||&#8220; body_font=&#8220;Arial||||||||&#8220;][et_pb_slide use_bg_overlay=&#8220;off&#8220; use_text_overlay=&#8220;off&#8220; _builder_version=&#8220;3.19.12&#8243; header_font=&#8220;Georgia|700|||||||&#8220; body_font=&#8220;Georgia||||||||&#8220; background_image=&#8220;http:\/\/hotel-rhoenhof.de\/wp-content\/uploads\/2019\/02\/IMG_6567.jpg&#8220; parallax=&#8220;on&#8220; button_on_hover=&#8220;on&#8220;][\/et_pb_slide][\/et_pb_fullwidth_slider][\/et_pb_section][et_pb_section fb_built=&#8220;1&#8243; _builder_version=&#8220;3.0.47&#8243;][et_pb_row _builder_version=&#8220;3.0.48&#8243; background_size=&#8220;initial&#8220; background_position=&#8220;top_left&#8220; background_repeat=&#8220;repeat&#8220;][et_pb_column type=&#8220;4_4&#8243; _builder_version=&#8220;3.0.47&#8243; parallax=&#8220;off&#8220; parallax_method=&#8220;on&#8220;][et_pb_divider color=&#8220;#e09900&#8243; divider_weight=&#8220;4&#8243; _builder_version=&#8220;3.19.12&#8243; custom_margin=&#8220;||0px|&#8220; custom_padding=&#8220;||0px|&#8220;]<br \/>\n[\/et_pb_divider][\/et_pb_column][\/et_pb_row][\/et_pb_section]<\/p>\n","protected":false},"excerpt":{"rendered":"<p>[et_pb_section fb_built=&#8220;1&#8243; fullwidth=&#8220;on&#8220; _builder_version=&#8220;3.19.12&#8243; box_shadow_style=&#8220;preset3&#8243; box_shadow_color=&#8220;rgba(0,0,0,0.38)&#8220;][et_pb_fullwidth_slider _builder_version=&#8220;3.19.12&#8243; header_font=&#8220;Arial|700|||||||&#8220; body_font=&#8220;Arial||||||||&#8220;][et_pb_slide heading=&#8220;Hotel Rh\u00f6nhof&#8220; image=&#8220;http:\/\/hotel-rhoenhof.de\/wp-content\/uploads\/2019\/02\/r_hof_logo_pfad-1c.png&#8220; use_bg_overlay=&#8220;off&#8220; use_text_overlay=&#8220;off&#8220; _builder_version=&#8220;3.19.12&#8243; header_font=&#8220;Georgia|700|||||||&#8220; body_font=&#8220;Georgia||||||||&#8220; background_image=&#8220;http:\/\/hotel-rhoenhof.de\/wp-content\/uploads\/2019\/02\/IMG_6567.jpg&#8220; button_on_hover=&#8220;on&#8220;] Ihr Hotel mit Flair in der bayerischen Rh\u00f6n [\/et_pb_slide][et_pb_slide heading=&#8220;Hotel Rh\u00f6nhof&#8220; image=&#8220;http:\/\/hotel-rhoenhof.de\/wp-content\/uploads\/2019\/02\/r_hof_logo_pfad-1c.png&#8220; use_bg_overlay=&#8220;off&#8220; use_text_overlay=&#8220;off&#8220; _builder_version=&#8220;3.19.12&#8243; header_font=&#8220;Georgia|700|||||||&#8220; body_font=&#8220;Georgia||||||||&#8220; background_image=&#8220;http:\/\/hotel-rhoenhof.de\/wp-content\/uploads\/2019\/02\/IMG_0104.jpg&#8220; button_on_hover=&#8220;on&#8220;] Ihr Hotel mit Flair in der bayerischen Rh\u00f6n [\/et_pb_slide][\/et_pb_fullwidth_slider][\/et_pb_section][et_pb_section fb_built=&#8220;1&#8243; fullwidth=&#8220;on&#8220; _builder_version=&#8220;3.0.47&#8243;][et_pb_fullwidth_header title=&#8220;Entspannen &#038; Wohlf\u00fchlen im Rh\u00f6n [&hellip;]<\/p>\n","protected":false},"author":1,"featured_media":0,"parent":0,"menu_order":0,"comment_status":"closed","ping_status":"closed","template":"","meta":{"_et_pb_use_builder":"on","_et_pb_old_content":"","footnotes":""},"_links":{"self":[{"href":"https:\/\/hotel-rhoenhof.de\/index.php?rest_route=\/wp\/v2\/pages\/184"}],"collection":[{"href":"https:\/\/hotel-rhoenhof.de\/index.php?rest_route=\/wp\/v2\/pages"}],"about":[{"href":"https:\/\/hotel-rhoenhof.de\/index.php?rest_route=\/wp\/v2\/types\/page"}],"author":[{"embeddable":true,"href":"https:\/\/hotel-rhoenhof.de\/index.php?rest_route=\/wp\/v2\/users\/1"}],"replies":[{"embeddable":true,"href":"https:\/\/hotel-rhoenhof.de\/index.php?rest_route=%2Fwp%2Fv2%2Fcomments&post=184"}],"version-history":[{"count":22,"href":"https:\/\/hotel-rhoenhof.de\/index.php?rest_route=\/wp\/v2\/pages\/184\/revisions"}],"predecessor-version":[{"id":433,"href":"https:\/\/hotel-rhoenhof.de\/index.php?rest_route=\/wp\/v2\/pages\/184\/revisions\/433"}],"wp:attachment":[{"href":"https:\/\/hotel-rhoenhof.de\/index.php?rest_route=%2Fwp%2Fv2%2Fmedia&parent=184"}],"curies":[{"name":"wp","href":"https:\/\/api.w.org\/{rel}","templated":true}]}}