{"id":66,"date":"2019-02-14T09:24:38","date_gmt":"2019-02-14T09:24:38","guid":{"rendered":"http:\/\/hotel-rhoenhof.de\/?page_id=66"},"modified":"2025-11-17T07:30:35","modified_gmt":"2025-11-17T07:30:35","slug":"66-2","status":"publish","type":"page","link":"https:\/\/hotel-rhoenhof.de\/","title":{"rendered":"HOME 1"},"content":{"rendered":"<p>[et_pb_section fb_built=&#8220;1&#8243; fullwidth=&#8220;on&#8220; _builder_version=&#8220;3.19.12&#8243; box_shadow_style=&#8220;preset3&#8243; box_shadow_color=&#8220;rgba(0,0,0,0.38)&#8220;][et_pb_fullwidth_slider _builder_version=&#8220;3.19.12&#8243; header_font=&#8220;Arial|700|||||||&#8220; body_font=&#8220;Arial||||||||&#8220;][et_pb_slide heading=&#8220;Hotel Rh\u00f6nhof&#8220; image=&#8220;http:\/\/hotel-rhoenhof.de\/wp-content\/uploads\/2019\/02\/r_hof_logo_pfad-1c.png&#8220; use_bg_overlay=&#8220;off&#8220; use_text_overlay=&#8220;off&#8220; _builder_version=&#8220;3.19.12&#8243; header_font=&#8220;Georgia|700|||||||&#8220; body_font=&#8220;Georgia||||||||&#8220; background_color=&#8220;#ffffff&#8220; background_image=&#8220;http:\/\/hotel-rhoenhof.de\/wp-content\/uploads\/2019\/02\/IMG_6567.jpg&#8220; button_on_hover=&#8220;on&#8220;]<\/p>\n<p><strong>Ihr Hotel mit Flair in der bayerischen Rh\u00f6n<\/strong><\/p>\n<p>[\/et_pb_slide][et_pb_slide heading=&#8220;Hotel Rh\u00f6nhof&#8220; image=&#8220;http:\/\/hotel-rhoenhof.de\/wp-content\/uploads\/2019\/02\/r_hof_logo_pfad-1c.png&#8220; use_bg_overlay=&#8220;off&#8220; use_text_overlay=&#8220;off&#8220; _builder_version=&#8220;3.19.12&#8243; header_font=&#8220;Georgia|700|||||||&#8220; body_font=&#8220;Georgia||||||||&#8220; background_color=&#8220;#ffffff&#8220; background_image=&#8220;http:\/\/hotel-rhoenhof.de\/wp-content\/uploads\/2019\/02\/IMG_0104.jpg&#8220; button_on_hover=&#8220;on&#8220;]<\/p>\n<p><strong>Ihr Hotel mit Flair in der bayerischen Rh\u00f6n<\/strong><\/p>\n<p>[\/et_pb_slide][\/et_pb_fullwidth_slider][\/et_pb_section][et_pb_section fb_built=&#8220;1&#8243; fullwidth=&#8220;on&#8220; _builder_version=&#8220;3.0.47&#8243;][et_pb_fullwidth_header title=&#8220;Geschlossen wegen Renovierung&#8220; subhead=&#8220;Hotel \u2022 Caf\u00e9 \u2022 Restaurant \u2022 Tagungen &#8220; text_orientation=&#8220;center&#8220; _builder_version=&#8220;3.19.12&#8243; title_font=&#8220;Georgia|600|||||||&#8220; title_text_color=&#8220;#a51a15&#8243; background_color=&#8220;#ffffff&#8220; background_layout=&#8220;light&#8220; custom_margin=&#8220;5px||5px|&#8220; custom_padding=&#8220;5px||5px|&#8220;][\/et_pb_fullwidth_header][\/et_pb_section][et_pb_section fb_built=&#8220;1&#8243; _builder_version=&#8220;3.19.12&#8243;][\/et_pb_section][et_pb_section fb_built=&#8220;1&#8243; _builder_version=&#8220;3.19.12&#8243; background_color=&#8220;rgba(224,207,170,0.28)&#8220;][et_pb_row _builder_version=&#8220;3.0.48&#8243; background_size=&#8220;initial&#8220; background_position=&#8220;top_left&#8220; background_repeat=&#8220;repeat&#8220;][et_pb_column type=&#8220;1_3&#8243; _builder_version=&#8220;3.0.47&#8243; parallax=&#8220;off&#8220; parallax_method=&#8220;on&#8220;][et_pb_text _builder_version=&#8220;3.19.12&#8243;]<\/p>\n<p><strong>Liebe G\u00e4ste, <br \/>in unserem Haus steht ein Eigent\u00fcmerwechsel an. Aufgrund von Renovierungsarbeiten bleibt das Hotel bis zur geplanten Wiederer\u00f6ffnung im Sommer 2026 geschlossen. <\/strong><\/p>\n<p><strong> <\/strong><\/p>\n<p><strong>F\u00fcr W\u00fcnsche und\u00a0Anregungen wenden Sie sich gerne an:\u00a0<span> <\/span><a href=\"mailto:email@example.com\"><span class=\"theming-theme-accent1\">info@rh-salm.de<\/span><\/a><\/strong><\/p>\n<p>&#8230;&#8230;&#8230;&#8230;&#8230;&#8230;&#8230;&#8230;&#8230;&#8230;&#8230;&#8230;&#8230;&#8230;&#8230;&#8230;&#8230;&#8230;&#8230;&#8230;&#8230;&#8230;&#8230;&#8230;&#8230;&#8230;&#8230;..<strong><\/strong><\/p>\n<p><strong><\/strong><\/p>\n<p><strong><\/strong><\/p>\n<p><strong>Willkommen im Rh\u00f6n Hof,\u00a0dem Hotel mit Charme.\u00a0Gelegen in der Naturlandschaft \u201cBayerische Rh\u00f6n\u201d am Rande des Biosph\u00e4renreservat Rh\u00f6n bietet das Ferienhotel mit 60 Betten eine gem\u00fctliche Atmosph\u00e4re.\u00a0Genie\u00dfen Sie einen unvergesslichen Aufenthalt in einer der sch\u00f6nsten Mittelgebirgslandschaften im Herzen Deutschlands. Wir liegen ruhig und doch gut erreichbar in der N\u00e4he zur A7 &#8211; ca. 4 km.<\/strong><\/p>\n<p><strong> <\/strong><\/p>\n<p><strong><\/strong><\/p>\n<p>[\/et_pb_text][et_pb_text _builder_version=&#8220;3.19.12&#8243; text_font=&#8220;Arial|800|||||||&#8220; text_text_color=&#8220;#e02b20&#8243; text_font_size=&#8220;22px&#8220; text_letter_spacing=&#8220;7px&#8220; text_text_shadow_style=&#8220;preset1&#8243; header_font_size=&#8220;32px&#8220;]<br \/>\n[\/et_pb_text][\/et_pb_column][et_pb_column type=&#8220;2_3&#8243; _builder_version=&#8220;3.0.47&#8243; parallax=&#8220;off&#8220; parallax_method=&#8220;on&#8220;][et_pb_image src=&#8220;http:\/\/hotel-rhoenhof.de\/wp-content\/uploads\/2019\/02\/IMG_0104.jpg&#8220; _builder_version=&#8220;3.19.12&#8243;]<br \/>\n[\/et_pb_image][\/et_pb_column][\/et_pb_row][et_pb_row _builder_version=&#8220;3.19.12&#8243;][et_pb_column type=&#8220;1_3&#8243; _builder_version=&#8220;3.0.47&#8243; parallax=&#8220;off&#8220; parallax_method=&#8220;on&#8220;][et_pb_text _builder_version=&#8220;3.19.12&#8243;]<\/p>\n<p><strong><em><br \/>Einzelzimmer\u00a0mit Fr\u00fchst\u00fcck<\/em><\/strong><br \/> <strong><em>72 Euro pro Nacht,<\/em><\/strong><\/p>\n<p><strong><em>Doppelzimmer mit Fr\u00fchst\u00fcck<\/em><\/strong><br \/> <strong><em>98 Euro pro Nacht<br \/>(ab 2 N\u00e4chten 93 Euro pro Nacht)<br \/><\/em><\/strong><br \/> <strong><em><br \/> <\/em><\/strong><strong><em>\u00dcbernachtung mit Fr\u00fchst\u00fcck<\/em><\/strong><br \/> <strong><em>und HP-Menu<\/em><\/strong><br \/> <strong><em>83 Euro pro Person<\/em><\/strong><br \/> <strong><em>und Nacht<br \/> <\/em><\/strong><\/p>\n<p>&nbsp;<\/p>\n<p>&nbsp;<\/p>\n<p>&nbsp;<\/p>\n<p>[\/et_pb_text][et_pb_image src=&#8220;http:\/\/hotel-rhoenhof.de\/wp-content\/uploads\/2019\/02\/IZR_ARGE_Rhoen.png&#8220; _builder_version=&#8220;3.19.12&#8243;]<br \/>\n[\/et_pb_image][\/et_pb_column][et_pb_column type=&#8220;1_3&#8243; _builder_version=&#8220;3.0.47&#8243; parallax=&#8220;off&#8220; parallax_method=&#8220;on&#8220;][et_pb_image src=&#8220;https:\/\/hotel-rhoenhof.de\/wp-content\/uploads\/2019\/02\/tafel247-1.jpg&#8220; _builder_version=&#8220;3.19.12&#8243;]<br \/>\n[\/et_pb_image][et_pb_text _builder_version=&#8220;3.19.12&#8243;]<\/p>\n<p>Sie finden uns in der N\u00e4he von Bad Br\u00fcckenau <br \/>und Bad Kissingen\u00a0in direkter Autobahnn\u00e4he <br \/>( A7 &#8211; Fulda &#8211; W\u00fcrzburg &#8211; Ausfahrt 95 )<br \/>Unser Hotel liegt am Rande des Biosph\u00e4renreservats Rh\u00f6n im\u00a0Ort Oberleichtersbach an der B27.<br \/>Sie erreichen uns von W\u00fcrzburg in ca. 60 min, <br \/>von Frankfurt in ca. 90min.\u00a0und von Fulda \/ S\u00fcd <br \/>in ca. 25 min.<strong><br \/><\/strong><\/p>\n<p>[\/et_pb_text][et_pb_text _builder_version=&#8220;3.19.12&#8243;]<\/p>\n<p><strong>Geniessen Sie unsere anerkannt gute K\u00fcche in gem\u00fctlichem Ambiente! Sie m\u00f6chten einen Prospekt anfordern oder reservieren? Gerne telefonisch unter 09741-93790 oder auch per <br \/>e-mail unter <a href=\"mailto:hotel@rhoenhofscheurich.de \">hotel@rhoenhofscheurich.de <\/a><br \/>Wir freuen uns auf Ihr Kommen!<\/strong><\/p>\n<p><strong>\u00a0<\/strong><\/p>\n<p><strong>\u00a0<\/strong><\/p>\n<p>[\/et_pb_text][\/et_pb_column][et_pb_column type=&#8220;1_3&#8243; _builder_version=&#8220;3.0.47&#8243; parallax=&#8220;off&#8220; parallax_method=&#8220;on&#8220;][et_pb_image src=&#8220;https:\/\/hotel-rhoenhof.de\/wp-content\/uploads\/2025\/04\/22042025.png&#8220; _builder_version=&#8220;3.19.12&#8243;][\/et_pb_image][\/et_pb_column][\/et_pb_row][et_pb_row _builder_version=&#8220;3.0.48&#8243; background_size=&#8220;initial&#8220; background_position=&#8220;top_left&#8220; background_repeat=&#8220;repeat&#8220;][et_pb_column type=&#8220;4_4&#8243; _builder_version=&#8220;3.0.47&#8243; parallax=&#8220;off&#8220; parallax_method=&#8220;on&#8220;][et_pb_divider color=&#8220;#e09900&#8243; height=&#8220;5px&#8220; _builder_version=&#8220;3.19.12&#8243; background_color=&#8220;#e09900&#8243;]<br \/>\n[\/et_pb_divider][\/et_pb_column][\/et_pb_row][et_pb_row _builder_version=&#8220;3.0.48&#8243; background_size=&#8220;initial&#8220; background_position=&#8220;top_left&#8220; background_repeat=&#8220;repeat&#8220;][et_pb_column type=&#8220;4_4&#8243; _builder_version=&#8220;3.0.47&#8243; parallax=&#8220;off&#8220; parallax_method=&#8220;on&#8220;][\/et_pb_column][\/et_pb_row][et_pb_row _builder_version=&#8220;3.0.48&#8243; background_size=&#8220;initial&#8220; background_position=&#8220;top_left&#8220; background_repeat=&#8220;repeat&#8220;][et_pb_column type=&#8220;1_3&#8243; _builder_version=&#8220;3.0.47&#8243; parallax=&#8220;off&#8220; parallax_method=&#8220;on&#8220;][et_pb_image src=&#8220;https:\/\/hotel-rhoenhof.de\/wp-content\/uploads\/2019\/03\/Bildschirmfoto-2019-03-21-um-17.31.47.png&#8220; show_in_lightbox=&#8220;on&#8220; _builder_version=&#8220;3.19.12&#8243;]<br \/>\n[\/et_pb_image][\/et_pb_column][et_pb_column type=&#8220;1_3&#8243; _builder_version=&#8220;3.0.47&#8243; parallax=&#8220;off&#8220; parallax_method=&#8220;on&#8220;][et_pb_image src=&#8220;https:\/\/hotel-rhoenhof.de\/wp-content\/uploads\/2019\/03\/Bildschirmfoto-2019-03-21-um-17.33.31.png&#8220; show_in_lightbox=&#8220;on&#8220; _builder_version=&#8220;3.19.12&#8243;]<br \/>\n[\/et_pb_image][\/et_pb_column][et_pb_column type=&#8220;1_3&#8243; _builder_version=&#8220;3.0.47&#8243; parallax=&#8220;off&#8220; parallax_method=&#8220;on&#8220;][et_pb_image src=&#8220;https:\/\/hotel-rhoenhof.de\/wp-content\/uploads\/2019\/03\/Bildschirmfoto-2019-03-21-um-17.32.04.png&#8220; show_in_lightbox=&#8220;on&#8220; _builder_version=&#8220;3.19.12&#8243;]<br \/>\n[\/et_pb_image][\/et_pb_column][\/et_pb_row][\/et_pb_section][et_pb_section fb_built=&#8220;1&#8243; _builder_version=&#8220;3.0.47&#8243;][\/et_pb_section][et_pb_section fb_built=&#8220;1&#8243; _builder_version=&#8220;3.0.47&#8243;][et_pb_row _builder_version=&#8220;3.0.48&#8243; background_size=&#8220;initial&#8220; background_position=&#8220;top_left&#8220; background_repeat=&#8220;repeat&#8220;][et_pb_column type=&#8220;4_4&#8243; _builder_version=&#8220;3.0.47&#8243; parallax=&#8220;off&#8220; parallax_method=&#8220;on&#8220;][et_pb_image src=&#8220;http:\/\/hotel-rhoenhof.de\/wp-content\/uploads\/2019\/02\/rh_center-11.jpg&#8220; _builder_version=&#8220;3.19.12&#8243;]<br \/>\n[\/et_pb_image][\/et_pb_column][\/et_pb_row][\/et_pb_section][et_pb_section fb_built=&#8220;1&#8243; fullwidth=&#8220;on&#8220; _builder_version=&#8220;3.19.12&#8243;][et_pb_fullwidth_slider _builder_version=&#8220;3.19.12&#8243; header_font=&#8220;Arial|700|||||||&#8220; body_font=&#8220;Arial||||||||&#8220;][et_pb_slide use_bg_overlay=&#8220;off&#8220; use_text_overlay=&#8220;off&#8220; _builder_version=&#8220;3.19.12&#8243; header_font=&#8220;Georgia|700|||||||&#8220; body_font=&#8220;Georgia||||||||&#8220; background_image=&#8220;http:\/\/hotel-rhoenhof.de\/wp-content\/uploads\/2019\/02\/IMG_6567.jpg&#8220; parallax=&#8220;on&#8220; button_on_hover=&#8220;on&#8220;][\/et_pb_slide][\/et_pb_fullwidth_slider][\/et_pb_section][et_pb_section fb_built=&#8220;1&#8243; _builder_version=&#8220;3.0.47&#8243;][et_pb_row _builder_version=&#8220;3.0.48&#8243; background_size=&#8220;initial&#8220; background_position=&#8220;top_left&#8220; background_repeat=&#8220;repeat&#8220;][et_pb_column type=&#8220;4_4&#8243; _builder_version=&#8220;3.0.47&#8243; parallax=&#8220;off&#8220; parallax_method=&#8220;on&#8220;][et_pb_divider color=&#8220;#e09900&#8243; divider_weight=&#8220;4&#8243; _builder_version=&#8220;3.19.12&#8243; custom_margin=&#8220;||0px|&#8220; custom_padding=&#8220;||0px|&#8220;]<br \/>\n[\/et_pb_divider][\/et_pb_column][\/et_pb_row][\/et_pb_section][et_pb_section fb_built=&#8220;1&#8243; _builder_version=&#8220;3.19.12&#8243;][\/et_pb_section][et_pb_section fb_built=&#8220;1&#8243; _builder_version=&#8220;3.19.12&#8243;][\/et_pb_section]<\/p>\n","protected":false},"excerpt":{"rendered":"<p>[et_pb_section fb_built=&#8220;1&#8243; fullwidth=&#8220;on&#8220; _builder_version=&#8220;3.19.12&#8243; box_shadow_style=&#8220;preset3&#8243; box_shadow_color=&#8220;rgba(0,0,0,0.38)&#8220;][et_pb_fullwidth_slider _builder_version=&#8220;3.19.12&#8243; header_font=&#8220;Arial|700|||||||&#8220; body_font=&#8220;Arial||||||||&#8220;][et_pb_slide heading=&#8220;Hotel Rh\u00f6nhof&#8220; image=&#8220;http:\/\/hotel-rhoenhof.de\/wp-content\/uploads\/2019\/02\/r_hof_logo_pfad-1c.png&#8220; use_bg_overlay=&#8220;off&#8220; use_text_overlay=&#8220;off&#8220; _builder_version=&#8220;3.19.12&#8243; header_font=&#8220;Georgia|700|||||||&#8220; body_font=&#8220;Georgia||||||||&#8220; background_color=&#8220;#ffffff&#8220; background_image=&#8220;http:\/\/hotel-rhoenhof.de\/wp-content\/uploads\/2019\/02\/IMG_6567.jpg&#8220; button_on_hover=&#8220;on&#8220;] Ihr Hotel mit Flair in der bayerischen Rh\u00f6n [\/et_pb_slide][et_pb_slide heading=&#8220;Hotel Rh\u00f6nhof&#8220; image=&#8220;http:\/\/hotel-rhoenhof.de\/wp-content\/uploads\/2019\/02\/r_hof_logo_pfad-1c.png&#8220; use_bg_overlay=&#8220;off&#8220; use_text_overlay=&#8220;off&#8220; _builder_version=&#8220;3.19.12&#8243; header_font=&#8220;Georgia|700|||||||&#8220; body_font=&#8220;Georgia||||||||&#8220; background_color=&#8220;#ffffff&#8220; background_image=&#8220;http:\/\/hotel-rhoenhof.de\/wp-content\/uploads\/2019\/02\/IMG_0104.jpg&#8220; button_on_hover=&#8220;on&#8220;] Ihr Hotel mit Flair in der bayerischen Rh\u00f6n [\/et_pb_slide][\/et_pb_fullwidth_slider][\/et_pb_section][et_pb_section fb_built=&#8220;1&#8243; fullwidth=&#8220;on&#8220; _builder_version=&#8220;3.0.47&#8243;][et_pb_fullwidth_header title=&#8220;Geschlossen wegen Renovierung&#8220; [&hellip;]<\/p>\n","protected":false},"author":1,"featured_media":0,"parent":0,"menu_order":0,"comment_status":"closed","ping_status":"closed","template":"","meta":{"_et_pb_use_builder":"on","_et_pb_old_content":"","footnotes":""},"_links":{"self":[{"href":"https:\/\/hotel-rhoenhof.de\/index.php?rest_route=\/wp\/v2\/pages\/66"}],"collection":[{"href":"https:\/\/hotel-rhoenhof.de\/index.php?rest_route=\/wp\/v2\/pages"}],"about":[{"href":"https:\/\/hotel-rhoenhof.de\/index.php?rest_route=\/wp\/v2\/types\/page"}],"author":[{"embeddable":true,"href":"https:\/\/hotel-rhoenhof.de\/index.php?rest_route=\/wp\/v2\/users\/1"}],"replies":[{"embeddable":true,"href":"https:\/\/hotel-rhoenhof.de\/index.php?rest_route=%2Fwp%2Fv2%2Fcomments&post=66"}],"version-history":[{"count":109,"href":"https:\/\/hotel-rhoenhof.de\/index.php?rest_route=\/wp\/v2\/pages\/66\/revisions"}],"predecessor-version":[{"id":442,"href":"https:\/\/hotel-rhoenhof.de\/index.php?rest_route=\/wp\/v2\/pages\/66\/revisions\/442"}],"wp:attachment":[{"href":"https:\/\/hotel-rhoenhof.de\/index.php?rest_route=%2Fwp%2Fv2%2Fmedia&parent=66"}],"curies":[{"name":"wp","href":"https:\/\/api.w.org\/{rel}","templated":true}]}}